{"id":2987,"date":"2024-02-16T11:39:59","date_gmt":"2024-02-16T10:39:59","guid":{"rendered":"https:\/\/www.camping-genets-morvan.com\/integration-de-contenus\/"},"modified":"2025-07-01T15:13:17","modified_gmt":"2025-07-01T13:13:17","slug":"integration-de-contenus","status":"publish","type":"page","link":"https:\/\/www.camping-genets-morvan.com\/en\/integration-de-contenus\/","title":{"rendered":"Int\u00e9gration de contenus"},"content":{"rendered":"<div id='av_section_1'  class='avia-section av-lsohz917-31d5722977053f2748c9eb069fcd219d main_color avia-section-default avia-no-border-styling  avia-builder-el-0  avia-builder-el-no-sibling  avia-bg-style-scroll av-minimum-height av-minimum-height-100 av-height-100  container_wrap fullsize'   data-av_minimum_height_pc='100' data-av_min_height_opt='100'><div class='container av-section-cont-open' ><main  role=\"main\" itemprop=\"mainContentOfPage\"  class='template-page content  av-content-full alpha units'><div class='post-entry post-entry-type-page post-entry-2987'><div class='entry-content-wrapper clearfix'>\n<div  class='flex_column av-lsoi5nqr-052c2202f95949f9623d37b0439eca7e av_one_full  avia-builder-el-1  avia-builder-el-no-sibling  first flex_column_div av-column-min-height-pc  '  data-av-column-min-height=\"{&quot;column-min-pc&quot;:&quot;100%&quot;,&quot;column-equal-height&quot;:false}\"   ><p>\n<style type=\"text\/css\" data-created_by=\"avia_inline_auto\" id=\"style-css-av-lsohxqkc-2e0a4bad3bdfa9cf5c09121c7ccc6ab6\">\n#top .av-special-heading.av-lsohxqkc-2e0a4bad3bdfa9cf5c09121c7ccc6ab6{\npadding-bottom:10px;\n}\nbody .av-special-heading.av-lsohxqkc-2e0a4bad3bdfa9cf5c09121c7ccc6ab6 .av-special-heading-tag .heading-char{\nfont-size:25px;\n}\n.av-special-heading.av-lsohxqkc-2e0a4bad3bdfa9cf5c09121c7ccc6ab6 .av-subheading{\nfont-size:15px;\n}\n<\/style>\n<div  class='av-special-heading av-lsohxqkc-2e0a4bad3bdfa9cf5c09121c7ccc6ab6 av-special-heading-h1 blockquote modern-quote  avia-builder-el-2  el_before_av_textblock  avia-builder-el-first '><h1 class='av-special-heading-tag '  itemprop=\"headline\"  >Int\u00e9gration de contenus (IdC)<\/h1><div class='av-subheading av-subheading_below'><p>Syst\u00e8me de Gestion de Contenu, version 5.2, cr\u00e9\u00e9 par StudioNegativo.<\/p>\n<\/div><div class=\"special-heading-border\"><div class=\"special-heading-inner-border\"><\/div><\/div><\/div><br \/>\n\n<style type=\"text\/css\" data-created_by=\"avia_inline_auto\" id=\"style-css-av-mckjss4e-1a7d7d7288c783fa582ef4fd63a989c0\">\n#top .av_textblock_section.av-mckjss4e-1a7d7d7288c783fa582ef4fd63a989c0 .avia_textblock{\ncolor:#d65799;\n}\n<\/style>\n<section  class='av_textblock_section av-mckjss4e-1a7d7d7288c783fa582ef4fd63a989c0 '   itemscope=\"itemscope\" itemtype=\"https:\/\/schema.org\/CreativeWork\" ><div class='avia_textblock av_inherit_color'  itemprop=\"text\" ><p>\u279c <strong><a class=\"xoo-el-action-sc xoo-el-login-tgr\" >Login<\/a><\/strong><\/p>\n<\/div><\/section><br \/>\n<section  class='av_textblock_section av-lsohyk7e-4b669559b3b6e0229c9c0da092f42878 '   itemscope=\"itemscope\" itemtype=\"https:\/\/schema.org\/CreativeWork\" ><div class='avia_textblock'  itemprop=\"text\" ><p><p style=\"text-align: left; padding-top: 0.5em; font-size: 0.85em;\">Cette page n\u2019est accessible qu\u2019aux utilisateurs\u00a0autoris\u00e9s.<br >\u26a0\ufe0f Si vous ne parvenez pas \u00e0 vous connecter, veuillez\u00a0<a href=\"mailto:info@studionegativo.com?subject=Probl\u00e8me d'acc\u00e8s \u00e0 l'int\u00e9gration de contenu - camping-genets-morvan.com\" style=\"text-decoration: underline;\">nous\u00a0contacter<\/a>.<\/p><\/p>\n<\/div><\/section><br \/>\n<section  class='av_textblock_section av-lsoi1h3x-2ae8d2d63ff56ce1d5cb285d6f7f1ad8 '   itemscope=\"itemscope\" itemtype=\"https:\/\/schema.org\/CreativeWork\" ><div class='av-desktop-hide av-medium-hide av-small-hide av-mini-hide avia_textblock'  itemprop=\"text\" ><p><strong>Le formulaire d\u2019<em>Integration de contenus<\/em> est temporairement d\u00e9sactiv\u00e9 pour maintenance. <\/strong><\/p>\n<p>Revenez dans quelques minutes.<\/p>\n<\/div><\/section><\/p><\/div>\n","protected":false},"excerpt":{"rendered":"","protected":false},"author":1,"featured_media":0,"parent":0,"menu_order":0,"comment_status":"closed","ping_status":"closed","template":"","meta":{"footnotes":""},"class_list":["post-2987","page","type-page","status-publish","hentry"],"_links":{"self":[{"href":"https:\/\/www.camping-genets-morvan.com\/en\/wp-json\/wp\/v2\/pages\/2987","targetHints":{"allow":["GET"]}}],"collection":[{"href":"https:\/\/www.camping-genets-morvan.com\/en\/wp-json\/wp\/v2\/pages"}],"about":[{"href":"https:\/\/www.camping-genets-morvan.com\/en\/wp-json\/wp\/v2\/types\/page"}],"author":[{"embeddable":true,"href":"https:\/\/www.camping-genets-morvan.com\/en\/wp-json\/wp\/v2\/users\/1"}],"replies":[{"embeddable":true,"href":"https:\/\/www.camping-genets-morvan.com\/en\/wp-json\/wp\/v2\/comments?post=2987"}],"version-history":[{"count":5,"href":"https:\/\/www.camping-genets-morvan.com\/en\/wp-json\/wp\/v2\/pages\/2987\/revisions"}],"predecessor-version":[{"id":3829,"href":"https:\/\/www.camping-genets-morvan.com\/en\/wp-json\/wp\/v2\/pages\/2987\/revisions\/3829"}],"wp:attachment":[{"href":"https:\/\/www.camping-genets-morvan.com\/en\/wp-json\/wp\/v2\/media?parent=2987"}],"curies":[{"name":"wp","href":"https:\/\/api.w.org\/{rel}","templated":true}]}}