{"id":2193,"date":"2018-01-25T14:42:52","date_gmt":"2018-01-25T13:42:52","guid":{"rendered":"https:\/\/www.camping-genets-morvan.com\/mentions-legales\/"},"modified":"2023-07-03T10:45:27","modified_gmt":"2023-07-03T08:45:27","slug":"legal-notice","status":"publish","type":"page","link":"https:\/\/www.camping-genets-morvan.com\/en\/legal-notice\/","title":{"rendered":"Legal Notice"},"content":{"rendered":"\n<style type=\"text\/css\" data-created_by=\"avia_inline_auto\" id=\"style-css-av-w7y18-9c3baa4427fb2ed31b7600a8e57be524\">\n.flex_column.av-w7y18-9c3baa4427fb2ed31b7600a8e57be524{\nborder-radius:0px 0px 0px 0px;\npadding:0px 0px 0px 0px;\n}\n<\/style>\n<div  class='flex_column av-w7y18-9c3baa4427fb2ed31b7600a8e57be524 av_one_fifth  avia-builder-el-0  el_before_av_three_fifth  avia-builder-el-first  first flex_column_div av-zero-column-padding  '     ><\/div>\n\n<style type=\"text\/css\" data-created_by=\"avia_inline_auto\" id=\"style-css-av-owais-cfc3417f9662b2d8154ffc85f7b2d5e4\">\n.flex_column.av-owais-cfc3417f9662b2d8154ffc85f7b2d5e4{\nborder-radius:0px 0px 0px 0px;\npadding:0px 0px 0px 0px;\n}\n<\/style>\n<div  class='flex_column av-owais-cfc3417f9662b2d8154ffc85f7b2d5e4 av_three_fifth  avia-builder-el-1  el_after_av_one_fifth  el_before_av_one_fifth  flex_column_div av-zero-column-padding  '     ><p>\n<style type=\"text\/css\" data-created_by=\"avia_inline_auto\" id=\"style-css-av-jmxc0j1u-c5718b733d64fc5c24cbaeef8d43e426\">\n#top .av-special-heading.av-jmxc0j1u-c5718b733d64fc5c24cbaeef8d43e426{\npadding-bottom:20px;\nfont-size:40px;\n}\nbody .av-special-heading.av-jmxc0j1u-c5718b733d64fc5c24cbaeef8d43e426 .av-special-heading-tag .heading-char{\nfont-size:25px;\n}\n#top #wrap_all .av-special-heading.av-jmxc0j1u-c5718b733d64fc5c24cbaeef8d43e426 .av-special-heading-tag{\nfont-size:40px;\n}\n.av-special-heading.av-jmxc0j1u-c5718b733d64fc5c24cbaeef8d43e426 .av-subheading{\nfont-size:15px;\n}\n\n@media only screen and (min-width: 480px) and (max-width: 767px){ \n#top #wrap_all .av-special-heading.av-jmxc0j1u-c5718b733d64fc5c24cbaeef8d43e426 .av-special-heading-tag{\nfont-size:0.8em;\n}\n}\n\n@media only screen and (max-width: 479px){ \n#top #wrap_all .av-special-heading.av-jmxc0j1u-c5718b733d64fc5c24cbaeef8d43e426 .av-special-heading-tag{\nfont-size:0.8em;\n}\n}\n<\/style>\n<div  class='av-special-heading av-jmxc0j1u-c5718b733d64fc5c24cbaeef8d43e426 av-special-heading-h1 blockquote modern-quote  avia-builder-el-2  el_before_av_textblock  avia-builder-el-first  av-inherit-size'><h1 class='av-special-heading-tag '  itemprop=\"headline\"  >Legal Notice<\/h1><div class=\"special-heading-border\"><div class=\"special-heading-inner-border\"><\/div><\/div><\/div><br \/>\n<section  class='av_textblock_section av-kyeg4iqd-493c6f40a4064098918f2bf593ed0c01 '   itemscope=\"itemscope\" itemtype=\"https:\/\/schema.org\/CreativeWork\" ><div class='avia_textblock'  itemprop=\"text\" ><p><strong>Raison sociale<\/strong><br \/>\nEntreprise Individuelle Th\u00e9venin Didier<br \/>\nCamping les Gen\u00eats du Morvan<br \/>\n2, route des Gen\u00eats<br \/>\n58230 Ouroux-en-Morvan<br \/>\nSiret 95217209600010<br \/>\nN\u00b0 tva intra: FR63952172096<br \/>\nT\u00e9l\u00e9phone : +33 6 06 46 80 13<br \/>\n<a href=\"mailto:camping.ouroux@orange.fr\">Contacter par mail<\/a> : camping.ouroux [at] orange.fr<\/p>\n<\/div><\/section><br \/>\n<section  class='av_textblock_section av-kyeg6vh7-5a24fc881f8a7db1c91ac2a563aae791 '   itemscope=\"itemscope\" itemtype=\"https:\/\/schema.org\/CreativeWork\" ><div class='avia_textblock'  itemprop=\"text\" ><p><strong>H\u00e9bergeur<\/strong><br \/>\nEuroVPS<br \/>\nEuclid Services Ltd.<br \/>\nVAT# 10311459I<\/p>\n<p><strong>La maintenance technique du site<\/strong> est assur\u00e9e par<br \/>\n<a href=\"https:\/\/www.studionegativo.com\/\">StudioNegativo<\/a><br \/>\nLes Petites Fourches, 58230 Saint-Brisson<br \/>\nN\u00b0 d\u2019immatriculation : R.C.S. Nevers 504 483 660<\/p>\n<\/div><\/section><br \/>\n<section  class='av_textblock_section av-ks0fu2zo-d3acc77314d02235bcd9312778a55647 '   itemscope=\"itemscope\" itemtype=\"https:\/\/schema.org\/CreativeWork\" ><div class='avia_textblock'  itemprop=\"text\" ><h3>Propri\u00e9t\u00e9 intellectuelle<\/h3>\n<p>La structure g\u00e9n\u00e9rale, ainsi que les textes, images anim\u00e9es ou fixes, sons, graphismes, documents tel\u00e9chargeables, bases de donn\u00e9es et tout autre \u00e9l\u00e9ment composant le site sont la propri\u00e9t\u00e9 exclusive du Camping Les Gen\u00eats du Morvan et de leurs auteurs.<br \/>\nToute utilisation ou reproduction, totale ou partielle, du site, des \u00e9l\u00e9ments qui le composent et\/ou des informations qui y figurent, par quelque proc\u00e9d\u00e9 que ce soit, constitue une contrefa\u00e7on sanctionn\u00e9e par le Code de la propri\u00e9t\u00e9 intellectuelle.<br \/>\nLiens hypertextes<br \/>\nLa mise en place de liens vers le site www.camping-genets-morvan.com est autoris\u00e9e dans les conditions suivantes :<br \/>\nLa mention explicite du site du Camping les Gen\u00eats du Morvan dans l\u2019intitul\u00e9 du lien, est souhait\u00e9e.<br \/>\nIl convient toutefois d\u2019afficher ce site dans une nouvelle fen\u00eatre du navigateur.<br \/>\nLe directeur de publication se r\u00e9serve toutefois le droit de demander la suppression d\u2019un lien qu\u2019il estime non conforme \u00e0 l\u2019objet du site www.camping-genets-morvan.com<\/p>\n<h4>Responsabilit\u00e9<\/h4>\n<p>Les informations propos\u00e9es sur ce site le sont \u00e0 titre de service rendu au public.<br \/>\nMalgr\u00e9 tout le soin apport\u00e9\u00e0 l\u2019actualisation des textes et \u00e0 la v\u00e9rification des contenus, les documents mis en ligne ne sauraient, de quelque mani\u00e8re que ce soit, engager la responsabilit\u00e9 de la r\u00e9daction du site du Camping les Gen\u00eats du Morvan.<br \/>\nLe site www.camping-genets-morvan.com peut contenir des liens hypertextes vers d\u2019autres sites priv\u00e9es ou publics.<br \/>\nLes liens vers ces autres ressources ne sauraient engager la responsabilit\u00e9 de la r\u00e9daction du site du Camping Les Gen\u00eats du Morvan quant au contenu de ces sites.<\/p>\n<h4>Acceptation des conditions d\u2019utilisation<\/h4>\n<p>L\u2019utilisateur reconna\u00eet avoir pris connaissance des conditions d\u2019utilisation, au moment de sa connexion vers le site www.camping-genets-morvan.com et d\u00e9clare express\u00e9ment les accepter sans r\u00e9serve.<br \/>\nDroit des internautes : droit d\u2019acc\u00e8s et de rectification<br \/>\nConform\u00e9ment aux dispositions de la loi n\u00b078-17 du 6 janvier 1978 relative \u00e0 l\u2019informatique, aux fichiers et aux libert\u00e9s, les internautes disposent d\u2019un droit d\u2019acc\u00e8s, de modification, de rectification et de suppression des donn\u00e9es qui les concernent.<br \/>\nCe droit s\u2019exerce par voie postale, en justifiant de son identit\u00e9, \u00e0 l\u2019adresse suivante :<br \/>\nCamping Les Gen\u00eats du Morvan***<br \/>\n2, route des Gen\u00eats<br \/>\n58230 Ouroux-en-Morvan<br \/>\nT\u00e9l\u00e9phone : +33 (0)6 06 46 80 13<\/p>\n<\/div><\/section><\/p><\/div>\n<style type=\"text\/css\" data-created_by=\"avia_inline_auto\" id=\"style-css-av-6uwfo-db5ecea56b9c680a47004cd90c1385ca\">\n.flex_column.av-6uwfo-db5ecea56b9c680a47004cd90c1385ca{\nborder-radius:0px 0px 0px 0px;\npadding:0px 0px 0px 0px;\n}\n<\/style>\n<div  class='flex_column av-6uwfo-db5ecea56b9c680a47004cd90c1385ca av_one_fifth  avia-builder-el-6  el_after_av_three_fifth  avia-builder-el-last  flex_column_div av-zero-column-padding  '     ><\/div><\/p>\n","protected":false},"excerpt":{"rendered":"","protected":false},"author":1,"featured_media":0,"parent":0,"menu_order":0,"comment_status":"closed","ping_status":"closed","template":"","meta":{"footnotes":""},"class_list":["post-2193","page","type-page","status-publish","hentry"],"_links":{"self":[{"href":"https:\/\/www.camping-genets-morvan.com\/en\/wp-json\/wp\/v2\/pages\/2193","targetHints":{"allow":["GET"]}}],"collection":[{"href":"https:\/\/www.camping-genets-morvan.com\/en\/wp-json\/wp\/v2\/pages"}],"about":[{"href":"https:\/\/www.camping-genets-morvan.com\/en\/wp-json\/wp\/v2\/types\/page"}],"author":[{"embeddable":true,"href":"https:\/\/www.camping-genets-morvan.com\/en\/wp-json\/wp\/v2\/users\/1"}],"replies":[{"embeddable":true,"href":"https:\/\/www.camping-genets-morvan.com\/en\/wp-json\/wp\/v2\/comments?post=2193"}],"version-history":[{"count":5,"href":"https:\/\/www.camping-genets-morvan.com\/en\/wp-json\/wp\/v2\/pages\/2193\/revisions"}],"predecessor-version":[{"id":2659,"href":"https:\/\/www.camping-genets-morvan.com\/en\/wp-json\/wp\/v2\/pages\/2193\/revisions\/2659"}],"wp:attachment":[{"href":"https:\/\/www.camping-genets-morvan.com\/en\/wp-json\/wp\/v2\/media?parent=2193"}],"curies":[{"name":"wp","href":"https:\/\/api.w.org\/{rel}","templated":true}]}}