{"id":2182,"date":"2021-12-15T18:01:43","date_gmt":"2021-12-15T17:01:43","guid":{"rendered":"https:\/\/www.camping-genets-morvan.com\/politique-de-confidentialite\/"},"modified":"2023-06-28T08:30:31","modified_gmt":"2023-06-28T06:30:31","slug":"privacy-policy","status":"publish","type":"page","link":"https:\/\/www.camping-genets-morvan.com\/en\/privacy-policy\/","title":{"rendered":"Privacy Policy"},"content":{"rendered":"<div  class='flex_column av-7czj-648b526c7bc1957e07122d28c22684f2 av_one_fifth  avia-builder-el-0  el_before_av_three_fifth  avia-builder-el-first  first flex_column_div  '     ><\/div>\n<div  class='flex_column av-6f0r-98aa2a37a24d016f95fab3a0755f09fd av_three_fifth  avia-builder-el-1  el_after_av_one_fifth  el_before_av_one_fifth  flex_column_div  '     ><p>\n<style type=\"text\/css\" data-created_by=\"avia_inline_auto\" id=\"style-css-av-kyegcwvh-15f483761ab950c9b7c9945c6a028a95\">\n#top .av-special-heading.av-kyegcwvh-15f483761ab950c9b7c9945c6a028a95{\npadding-bottom:10px;\n}\nbody .av-special-heading.av-kyegcwvh-15f483761ab950c9b7c9945c6a028a95 .av-special-heading-tag .heading-char{\nfont-size:25px;\n}\n.av-special-heading.av-kyegcwvh-15f483761ab950c9b7c9945c6a028a95 .av-subheading{\nfont-size:15px;\n}\n<\/style>\n<div  class='av-special-heading av-kyegcwvh-15f483761ab950c9b7c9945c6a028a95 av-special-heading-h1 blockquote modern-quote  avia-builder-el-2  el_before_av_textblock  avia-builder-el-first '><h1 class='av-special-heading-tag '  itemprop=\"headline\"  >Privacy Policy<\/h1><div class=\"special-heading-border\"><div class=\"special-heading-inner-border\"><\/div><\/div><\/div><br \/>\n<section  class='av_textblock_section av-kyegcrnq-cbf19924f13c9b15e15934e331057a2e '   itemscope=\"itemscope\" itemtype=\"https:\/\/schema.org\/CreativeWork\" ><div class='avia_textblock'  itemprop=\"text\" ><p><strong>Droit de r\u00e9tractation<\/strong> : article L.221-28 , 12\u00b0, du nouveau code de la consommation<br \/>\nLe droit de r\u00e9tractation ne peut \u00eatre exerc\u00e9 pour les contrats de prestations de services d\u2019h\u00e9bergement, autres que d\u2019h\u00e9bergement r\u00e9sidentiel, de services de transport de biens, de locations de voitures, de restauration ou d\u2019activit\u00e9s de loisirs qui doivent \u00eatre fournis \u00e0 une date ou \u00e0 une p\u00e9riode d\u00e9termin\u00e9e.<\/p>\n<p><strong>Droit des internautes<\/strong> : droit d\u2019acc\u00e8s et de rectification<br \/>\nConform\u00e9ment aux dispositions de la loi n\u00b078-17 du 6 janvier 1978 relative \u00e0 l\u2019informatique, aux fichiers et aux libert\u00e9s, les internautes disposent d\u2019un droit d\u2019acc\u00e8s, de modification, de rectification et de suppression des donn\u00e9es qui les concernent.<br \/>\nCe droit s\u2019exerce par voie postale, en justifiant de son identit\u00e9, \u00e0 l\u2019adresse suivante :<br \/>\nCamping les Gen\u00eats du Morvan<br \/>\n2 route des gen\u00eats<br \/>\n58230 Ouroux en Morvan<\/p>\n<p><strong>Propri\u00e9t\u00e9 intellectuelle<\/strong><br \/>\nLa structure g\u00e9n\u00e9rale, ainsi que les textes, images anim\u00e9es ou fixes, sons, graphismes, documents tel\u00e9chargeables, bases de donn\u00e9es et tout autre \u00e9l\u00e9ment composant le site sont la propri\u00e9t\u00e9 exclusive du Camping les Gen\u00eats du Morvan et de leurs auteurs.<br \/>\nToute utilisation ou reproduction, totale ou partielle, du site, des \u00e9l\u00e9ments qui le composent et\/ou des informations qui y figurent, par quelque proc\u00e9d\u00e9 que ce soit, constitue une contrefa\u00e7on sanctionn\u00e9e par le Code de la propri\u00e9t\u00e9 intellectuelle.<\/p>\n<p><strong>Liens hypertextes<\/strong><br \/>\nLa mise en place de liens vers le site www.camping-genets-morvan.com est autoris\u00e9e dans les conditions suivantes :<\/p>\n<p><strong>Le directeur de publication<\/strong> se r\u00e9serve toutefois le droit de demander la suppression d\u2019un lien qu\u2019il estime non conforme \u00e0 l\u2019objet du site www.camping-genets-morvan.com<\/p>\n<p><strong>Responsabilit\u00e9<\/strong><br \/>\nLes informations propos\u00e9es sur ce site le sont \u00e0 titre de service rendu au public.<br \/>\nMalgr\u00e9 tout le soin apport\u00e9 \u00e0 l\u2019actualisation des textes et \u00e0 la v\u00e9rification des contenus, les documents mis en ligne ne sauraient, de quelque mani\u00e8re que ce soit, engager la responsabilit\u00e9 de la r\u00e9daction du site du Camping les Genets du Morvan<\/p>\n<p>Le site www.camping-genets-morvan.com peut contenir des liens hypertextes vers d\u2019autres sites priv\u00e9s ou publics.<br \/>\nLes liens vers ces autres ressources ne sauraient engager la responsabilit\u00e9 de la r\u00e9daction du site du Camping les Genets du Morvan quant au contenu de ces sites.<\/p>\n<p><strong>Acceptation des conditions d\u2019utilisation<\/strong><br \/>\nL\u2019utilisateur reconna\u00eet avoir pris connaissance des conditions d\u2019utilisation, au moment de sa connexion vers le site www.camping-genets-morvan.com et d\u00e9clare express\u00e9ment les accepter sans r\u00e9serve.<\/p>\n<p><strong>Utilisation des cookies<\/strong><br \/>\nLors de la consultation de notre site www.camping-genets-morvan.com, des cookies sont d\u00e9pos\u00e9s sur votre ordinateur, votre mobile ou votre tablette.<br \/>\nLes seuls cookies utilis\u00e9s par le site www.camping-genets-morvan.com sont ceux destin\u00e9s \u00e0 la mesure d\u2019audience et ne collectent pas de donn\u00e9es personnelles. Les outils de mesures d\u2019audience sont d\u00e9ploy\u00e9s afin d\u2019obtenir des informations sur la navigation des visiteurs. Ils permettent notamment de comprendre comment les utilisateurs arrivent sur un site et de reconstituer leur parcours.<br \/>\nLes donn\u00e9es g\u00e9n\u00e9r\u00e9es par les cookies sont transmises et stock\u00e9es par notre prestataire de mesure d\u2019audience (Google). Les donn\u00e9es g\u00e9n\u00e9r\u00e9es par Google sont h\u00e9berg\u00e9es sur des serveurs situ\u00e9s aux Etats-Unis. Google utilisera cette information dans le but d\u2019\u00e9valuer votre utilisation du site mais ne recoupera pas votre adresse IP avec toute autre donn\u00e9e d\u00e9tenue par Google. Les prestataires de mesure d\u2019audience sont susceptibles de communiquer ces donn\u00e9es \u00e0 des tiers en cas d\u2019obligation l\u00e9gale ou lorsque ces tiers traitent ces donn\u00e9es pour leur compte.<\/p>\n<p><strong>D\u00e9finition d\u2019un cookie<\/strong><br \/>\nUn cookie est un fichier texte d\u00e9pos\u00e9 sur votre ordinateur lors de la visite d\u2019un site ou de la consultation d\u2019une publicit\u00e9. Il a pour but de collecter des informations relatives \u00e0 votre navigation et de vous adresser des services adapt\u00e9s \u00e0 votre terminal (ordinateur, mobile ou tablette). Les cookies sont g\u00e9r\u00e9s par votre navigateur internet.<br \/>\nNous veillons dans la mesure du possible \u00e0 ce que les prestataires de mesures d\u2019audience respectent strictement la loi informatique et libert\u00e9s du 6 janvier 1978 modifi\u00e9e et s\u2019engagent \u00e0 mettre en \u0153uvre des mesures appropri\u00e9es de s\u00e9curisation et de protection de la confidentialit\u00e9 des donn\u00e9es.<\/p>\n<p><strong>Param\u00e9trer votre navigateur internet<br \/>\n<\/strong>Vous pouvez \u00e0 tout moment choisir de d\u00e9sactiver ces cookies. Votre navigateur peut \u00e9galement \u00eatre param\u00e9tr\u00e9 pour vous signaler les cookies qui sont d\u00e9pos\u00e9s dans votre ordinateur et vous demander de les accepter ou pas. Vous pouvez accepter ou refuser les cookies au cas par cas ou bien les refuser syst\u00e9matiquement. Afin de g\u00e9rer les cookies au plus pr\u00e8s de vos attentes nous vous invitons \u00e0 param\u00e9trer votre navigateur en tenant compte de la finalit\u00e9 des cookies.<\/p>\n<\/div><\/section><\/p><\/div><div  class='flex_column av-3s07-b3c2cf5d4916067ec07f2a922dbc6b07 av_one_fifth  avia-builder-el-4  el_after_av_three_fifth  avia-builder-el-last  flex_column_div  '     ><\/div><\/p>\n","protected":false},"excerpt":{"rendered":"","protected":false},"author":1,"featured_media":0,"parent":0,"menu_order":0,"comment_status":"closed","ping_status":"closed","template":"","meta":{"footnotes":""},"class_list":["post-2182","page","type-page","status-publish","hentry"],"_links":{"self":[{"href":"https:\/\/www.camping-genets-morvan.com\/en\/wp-json\/wp\/v2\/pages\/2182","targetHints":{"allow":["GET"]}}],"collection":[{"href":"https:\/\/www.camping-genets-morvan.com\/en\/wp-json\/wp\/v2\/pages"}],"about":[{"href":"https:\/\/www.camping-genets-morvan.com\/en\/wp-json\/wp\/v2\/types\/page"}],"author":[{"embeddable":true,"href":"https:\/\/www.camping-genets-morvan.com\/en\/wp-json\/wp\/v2\/users\/1"}],"replies":[{"embeddable":true,"href":"https:\/\/www.camping-genets-morvan.com\/en\/wp-json\/wp\/v2\/comments?post=2182"}],"version-history":[{"count":5,"href":"https:\/\/www.camping-genets-morvan.com\/en\/wp-json\/wp\/v2\/pages\/2182\/revisions"}],"predecessor-version":[{"id":2492,"href":"https:\/\/www.camping-genets-morvan.com\/en\/wp-json\/wp\/v2\/pages\/2182\/revisions\/2492"}],"wp:attachment":[{"href":"https:\/\/www.camping-genets-morvan.com\/en\/wp-json\/wp\/v2\/media?parent=2182"}],"curies":[{"name":"wp","href":"https:\/\/api.w.org\/{rel}","templated":true}]}}